{"id":2064,"date":"2018-05-22T17:10:21","date_gmt":"2018-05-22T15:10:21","guid":{"rendered":"https:\/\/salzquartier.de\/?page_id=2064"},"modified":"2018-05-28T16:41:57","modified_gmt":"2018-05-28T14:41:57","slug":"datenschutzerklaerung","status":"publish","type":"page","link":"https:\/\/salzquartier.de\/en\/datenschutzerklaerung\/","title":{"rendered":"Datenschutzerkl\u00e4rung"},"content":{"rendered":"<p><\/p>\n<h3>Allgemeiner Hinweis und Pflichtinformationen<\/h3>\n<h4>Benennung der verantwortlichen Stelle<\/h4>\n<p>Die verantwortliche Stelle f\u00fcr die Datenverarbeitung auf dieser Website ist:<\/p>\n<p>Salzquartier<br \/>\nKaren Prehn<br \/>\nBahnhofstra\u00dfe 7<br \/>\n21337 L\u00fcneburg<\/p>\n<p>Die verantwortliche Stelle entscheidet allein oder gemeinsam mit anderen \u00fcber die Zwecke und Mittel der Verarbeitung von personenbezogenen Daten (z.B. Namen, Kontaktdaten o. \u00c4.).<\/p>\n<h4>Widerruf Ihrer Einwilligung zur Datenverarbeitung<\/h4>\n<p>Nur mit Ihrer ausdr\u00fccklichen Einwilligung sind einige Vorg\u00e4nge der Datenverarbeitung m\u00f6glich. Ein Widerruf Ihrer bereits erteilten Einwilligung ist jederzeit m\u00f6glich. F\u00fcr den Widerruf gen\u00fcgt eine formlose Mitteilung per E-Mail. Die Rechtm\u00e4\u00dfigkeit der bis zum Widerruf erfolgten Datenverarbeitung bleibt vom Widerruf unber\u00fchrt.<\/p>\n<h4>Recht auf Beschwerde bei der zust\u00e4ndigen Aufsichtsbeh\u00f6rde<\/h4>\n<p>Als Betroffener steht Ihnen im Falle eines datenschutzrechtlichen Versto\u00dfes ein Beschwerderecht bei der zust\u00e4ndigen Aufsichtsbeh\u00f6rde zu. Zust\u00e4ndige Aufsichtsbeh\u00f6rde bez\u00fcglich datenschutzrechtlicher Fragen ist der Landesdatenschutzbeauftragte des Bundeslandes, in dem sich der Sitz unseres Unternehmens befindet. Der folgende Link stellt eine Liste der Datenschutzbeauftragten sowie deren Kontaktdaten bereit: https:\/\/www.bfdi.bund.de\/DE\/Infothek\/Anschriften_Links\/anschriften_links-node.html.<\/p>\n<h4>Recht auf Daten\u00fcbertragbarkeit<\/h4>\n<p>Ihnen steht das Recht zu, Daten, die wir auf Grundlage Ihrer Einwilligung oder in Erf\u00fcllung eines Vertrags automatisiert verarbeiten, an sich oder an Dritte aush\u00e4ndigen zu lassen. Die Bereitstellung erfolgt in einem maschinenlesbaren Format. Sofern Sie die direkte \u00dcbertragung der Daten an einen anderen Verantwortlichen verlangen, erfolgt dies nur, soweit es technisch machbar ist.<\/p>\n<h4>Recht auf Auskunft, Berichtigung, Sperrung, L\u00f6schung<\/h4>\n<p>Sie haben jederzeit im Rahmen der geltenden gesetzlichen Bestimmungen das Recht auf unentgeltliche Auskunft \u00fcber Ihre gespeicherten personenbezogenen Daten, Herkunft der Daten, deren Empf\u00e4nger und den Zweck der Datenverarbeitung und ggf. ein Recht auf Berichtigung, Sperrung oder L\u00f6schung dieser Daten. Diesbez\u00fcglich und auch zu weiteren Fragen zum Thema personenbezogene Daten k\u00f6nnen Sie sich jederzeit \u00fcber die im Impressum aufgef\u00fchrten Kontaktm\u00f6glichkeiten an uns wenden.<\/p>\n<h4>SSL- bzw. TLS-Verschl\u00fcsselung<\/h4>\n<p>Aus Sicherheitsgr\u00fcnden und zum Schutz der \u00dcbertragung vertraulicher Inhalte, die Sie an uns als Seitenbetreiber senden, nutzt unsere Website eine SSL-bzw. TLS-Verschl\u00fcsselung. Damit sind Daten, die Sie \u00fcber diese Website \u00fcbermitteln, f\u00fcr Dritte nicht mitlesbar. Sie erkennen eine verschl\u00fcsselte Verbindung an der \u201ehttps:\/\/\u201c Adresszeile Ihres Browsers und am Schloss-Symbol in der Browserzeile.<\/p>\n<h4>Server-Log-Dateien<\/h4>\n<p>In Server-Log-Dateien erhebt und speichert der Provider der Website automatisch Informationen, die Ihr Browser automatisch an uns \u00fcbermittelt. Dies sind:<\/p>\n<ul>\n<li>Browsertyp und Browserversion<\/li>\n<li>Verwendetes Betriebssystem<\/li>\n<li>Referrer URL<\/li>\n<li>Hostname des zugreifenden Rechners<\/li>\n<li>Uhrzeit der Serveranfrage<\/li>\n<li>IP-Adresse<\/li>\n<\/ul>\n<p>Es findet keine Zusammenf\u00fchrung dieser Daten mit anderen Datenquellen statt. Grundlage der Datenverarbeitung bildet Art. 6 Abs. 1 lit. b DSGVO, der die Verarbeitung von Daten zur Erf\u00fcllung eines Vertrags oder vorvertraglicher Ma\u00dfnahmen gestattet.<\/p>\n<h4>Registrierung auf dieser Website<\/h4>\n<p>Zur Nutzung bestimmter Funktionen k\u00f6nnen Sie sich auf unserer Website registrieren. Die \u00fcbermittelten Daten dienen ausschlie\u00dflich zum Zwecke der Nutzung des jeweiligen Angebotes oder Dienstes. Bei der Registrierung abgefragte Pflichtangaben sind vollst\u00e4ndig anzugeben. Andernfalls werden wir die Registrierung ablehnen.<\/p>\n<p>Im Falle wichtiger \u00c4nderungen, etwa aus technischen Gr\u00fcnden, informieren wir Sie per E-Mail. Die E-Mail wird an die Adresse versendet, die bei der Registrierung angegeben wurde.<\/p>\n<p>Die Verarbeitung der bei der Registrierung eingegebenen Daten erfolgt auf Grundlage Ihrer Einwilligung (Art. 6 Abs. 1 lit. a DSGVO). Ein Widerruf Ihrer bereits erteilten Einwilligung ist jederzeit m\u00f6glich. F\u00fcr den Widerruf gen\u00fcgt eine formlose Mitteilung per E-Mail. Die Rechtm\u00e4\u00dfigkeit der bereits erfolgten Datenverarbeitung bleibt vom Widerruf unber\u00fchrt.<\/p>\n<p>Wir speichern die bei der Registrierung erfassten Daten w\u00e4hrend des Zeitraums, den Sie auf unserer Website registriert sind. Ihren Daten werden gel\u00f6scht, sollten Sie Ihre Registrierung aufheben. Gesetzliche Aufbewahrungsfristen bleiben unber\u00fchrt.<\/p>\n<h4>Kontaktformular<\/h4>\n<p>Per Kontaktformular \u00fcbermittelte Daten werden einschlie\u00dflich Ihrer Kontaktdaten gespeichert, um Ihre Anfrage bearbeiten zu k\u00f6nnen oder um f\u00fcr Anschlussfragen bereitzustehen. Eine Weitergabe dieser Daten findet ohne Ihre Einwilligung nicht statt.<\/p>\n<p>Die Verarbeitung der in das Kontaktformular eingegebenen Daten erfolgt ausschlie\u00dflich auf Grundlage Ihrer Einwilligung (Art. 6 Abs. 1 lit. a DSGVO). Ein Widerruf Ihrer bereits erteilten Einwilligung ist jederzeit m\u00f6glich. F\u00fcr den Widerruf gen\u00fcgt eine formlose Mitteilung per E-Mail. Die Rechtm\u00e4\u00dfigkeit der bis zum Widerruf erfolgten Datenverarbeitungsvorg\u00e4nge bleibt vom Widerruf unber\u00fchrt.<\/p>\n<p>\u00dcber das Kontaktformular \u00fcbermittelte Daten verbleiben bei uns, bis Sie uns zur L\u00f6schung auffordern, Ihre Einwilligung zur Speicherung widerrufen oder keine Notwendigkeit der Datenspeicherung mehr besteht. Zwingende gesetzliche Bestimmungen &#8211; insbesondere Aufbewahrungsfristen &#8211; bleiben unber\u00fchrt.<\/p>\n<h4>Newsletter-Daten<\/h4>\n<p>Zum Versenden unseres Newsletters ben\u00f6tigen wir von Ihnen eine E-Mail-Adresse. Eine Verifizierung der angegebenen E-Mail-Adresse ist notwendig und der Empfang des Newsletters ist einzuwilligen. Erg\u00e4nzende Daten werden nicht erhoben oder sind freiwillig. Die Verwendung der Daten erfolgt ausschlie\u00dflich f\u00fcr den Versand des Newsletters.<\/p>\n<p>Die bei der Newsletteranmeldung gemachten Daten werden ausschlie\u00dflich auf Grundlage Ihrer Einwilligung (Art. 6 Abs. 1 lit. a DSGVO) verarbeitet. Ein Widerruf Ihrer bereits erteilten Einwilligung ist jederzeit m\u00f6glich. F\u00fcr den Widerruf gen\u00fcgt eine formlose Mitteilung per E-Mail oder Sie melden sich \u00fcber den &#8220;Austragen&#8221;-Link im Newsletter ab. Die Rechtm\u00e4\u00dfigkeit der bereits erfolgten Datenverarbeitungsvorg\u00e4nge bleibt vom Widerruf unber\u00fchrt.<\/p>\n<p>Zur Einrichtung des Abonnements eingegebene Daten werden im Falle der Abmeldung gel\u00f6scht. Sollten diese Daten f\u00fcr andere Zwecke und an anderer Stelle an uns \u00fcbermittelt worden sein, verbleiben diese weiterhin bei uns.<\/p>\n<h4>YouTube<\/h4>\n<p>F\u00fcr Integration und Darstellung von Videoinhalten nutzt unsere Website Plugins von YouTube. Anbieter des Videoportals ist die YouTube, LLC, 901 Cherry Ave., San Bruno, CA 94066, USA.<\/p>\n<p>Bei Aufruf einer Seite mit integriertem YouTube-Plugin wird eine Verbindung zu den Servern von YouTube hergestellt. YouTube erf\u00e4hrt hierdurch, welche unserer Seiten Sie aufgerufen haben.<\/p>\n<p>YouTube kann Ihr Surfverhalten direkt Ihrem pers\u00f6nlichen Profil zuzuordnen, sollten Sie in Ihrem YouTube Konto eingeloggt sein. Durch vorheriges Ausloggen haben Sie die M\u00f6glichkeit, dies zu unterbinden.<\/p>\n<p>Die Nutzung von YouTube erfolgt im Interesse einer ansprechenden Darstellung unserer Online-Angebote. Dies stellt ein berechtigtes Interesse im Sinne von Art. 6 Abs. 1 lit. f DSGVO dar.<\/p>\n<p>Einzelheiten zum Umgang mit Nutzerdaten finden Sie in der Datenschutzerkl\u00e4rung von YouTube unter: https:\/\/www.google.de\/intl\/de\/policies\/privacy.<\/p>\n<h4>Cookies<\/h4>\n<p>Unsere Website verwendet Cookies. Das sind kleine Textdateien, die Ihr Webbrowser auf Ihrem Endger\u00e4t speichert. Cookies helfen uns dabei, unser Angebot nutzerfreundlicher, effektiver und sicherer zu machen.<\/p>\n<p>Einige Cookies sind \u201cSession-Cookies.\u201d Solche Cookies werden nach Ende Ihrer Browser-Sitzung von selbst gel\u00f6scht. Hingegen bleiben andere Cookies auf Ihrem Endger\u00e4t bestehen, bis Sie diese selbst l\u00f6schen. Solche Cookies helfen uns, Sie bei R\u00fcckkehr auf unserer Website wiederzuerkennen.<\/p>\n<p>Mit einem modernen Webbrowser k\u00f6nnen Sie das Setzen von Cookies \u00fcberwachen, einschr\u00e4nken oder unterbinden. Viele Webbrowser lassen sich so konfigurieren, dass Cookies mit dem Schlie\u00dfen des Programms von selbst gel\u00f6scht werden. Die Deaktivierung von Cookies kann eine eingeschr\u00e4nkte Funktionalit\u00e4t unserer Website zur Folge haben.<\/p>\n<p>Das Setzen von Cookies, die zur Aus\u00fcbung elektronischer Kommunikationsvorg\u00e4nge oder der Bereitstellung bestimmter, von Ihnen erw\u00fcnschter Funktionen (z.B. Warenkorb) notwendig sind, erfolgt auf Grundlage von Art. 6 Abs. 1 lit. f DSGVO. Als Betreiber dieser Website haben wir ein berechtigtes Interesse an der Speicherung von Cookies zur technisch fehlerfreien und reibungslosen Bereitstellung unserer Dienste. Sofern die Setzung anderer Cookies (z.B. f\u00fcr Analyse-Funktionen) erfolgt, werden diese in dieser Datenschutzerkl\u00e4rung separat behandelt.<\/p>\n<h4>XING Plugin<\/h4>\n<p>Unsere Website verwendet Funktionen des Netzwerks XING. Anbieter ist die XING AG, Dammtorstra\u00dfe 29-32, 20354 Hamburg, Deutschland.<\/p>\n<p>Bei Aufruf einer Seite mit integrierten Xing-Funktionen wird eine Verbindung zu den Servern von Xing hergestellt. Eine Speicherung personenbezogener Daten erfolgt dabei nach unserem Kenntnisstand nicht. IP-Adressen werden nicht gespeichert, ebenso erfolgt keine Auswertung des Nutzungsverhaltens.<\/p>\n<p>Einzelheiten zum Datenschutz und dem XING Share-Button finden Sie in der Datenschutzerkl\u00e4rung von XING unter: https:\/\/www.xing.com\/app\/share?op=data_protection.<\/p>\n<h4>Twitter Plugin<\/h4>\n<p>Unsere Website vewendet Funktionen des Dienstes Twitter. Anbieter ist die Twitter Inc., 1355 Market Street, Suite 900, San Francisco, CA 94103, USA.<\/p>\n<p>Bei Nutzung von Twitter und der Funktion &#8220;Re-Tweet&#8221; werden von Ihnen besuchte Websites mit Ihrem Twitter-Account verkn\u00fcpft und in Ihrem Twitter-Feed ver\u00f6ffentlicht. Dabei erfolgt eine \u00dcbermittlung von Daten an Twitter. \u00dcber den Inhalt der \u00fcbermittelten Daten sowie die Nutzung dieser Daten durch Twitter haben wir keine Kenntnis. Einzelheiten finden Sie in der Datenschutzerkl\u00e4rung von Twitter: https:\/\/twitter.com\/privacy.<\/p>\n<p>Sie k\u00f6nnen Ihre Datenschutzeinstellungen bei Twitter \u00e4ndern: https:\/\/twitter.com\/account\/settings<\/p>\n<h4>Pinterest Plugin<\/h4>\n<p>Unserer Website verwendet Funktionen des sozialen Netzwerkes Pinterest. Anbieter ist die Pinterest Inc., 808 Brannan Street, San Francisco, CA 94103-490, USA.<\/p>\n<p>Bei Aufruf einer Seite mit Funktionen von Pinterest, stellt Ihr Browser eine direkte Verbindung zu den Pinterest-Servern her. Es werden Protokolldaten an die Server von Pinterest \u00fcbermittelt. Standort der Server sind die USA. Die Protokolldaten k\u00f6nnen m\u00f6glicherweise R\u00fcckschl\u00fcsse auf Ihre IP-Adresse, besuchte Websites, Art und Einstellungen des Browsers, Datum und Zeitpunkt der Anfrage, Ihre Verwendungsweise von Pinterest sowie Cookies zulassen.<\/p>\n<p>Einzelheiten hierzu finden Sie in den Datenschutzhinweisen von Pinterest: https:\/\/about.pinterest.com\/de\/privacy-policy.<\/p>","protected":false},"excerpt":{"rendered":"<p>Allgemeiner Hinweis und Pflichtinformationen Benennung der verantwortlichen Stelle Die verantwortliche Stelle f\u00fcr die Datenverarbeitung auf dieser Website ist: Salzquartier Karen Prehn Bahnhofstra\u00dfe 7 21337 L\u00fcneburg Die verantwortliche Stelle entscheidet allein oder gemeinsam mit anderen \u00fcber die Zwecke und Mittel der Verarbeitung von personenbezogenen Daten (z.B. Namen, Kontaktdaten o. \u00c4.). Widerruf Ihrer Einwilligung zur Datenverarbeitung Nur [&hellip;]<\/p>\n","protected":false},"author":1,"featured_media":0,"parent":0,"menu_order":0,"comment_status":"closed","ping_status":"closed","template":"","meta":{"_acf_changed":false,"footnotes":""},"class_list":["post-2064","page","type-page","status-publish","hentry"],"acf":[],"yoast_head":"<!-- This site is optimized with the Yoast SEO plugin v27.3 - https:\/\/yoast.com\/product\/yoast-seo-wordpress\/ -->\n<title>Datenschutzerkl\u00e4rung - Salzquartier - Hostel L\u00fcneburg<\/title>\n<meta name=\"robots\" content=\"index, follow, max-snippet:-1, max-image-preview:large, max-video-preview:-1\" \/>\n<link rel=\"canonical\" href=\"https:\/\/salzquartier.de\/en\/datenschutzerklaerung\/\" \/>\n<meta property=\"og:locale\" content=\"en_US\" \/>\n<meta property=\"og:type\" content=\"article\" \/>\n<meta property=\"og:title\" content=\"Datenschutzerkl\u00e4rung - Salzquartier - Hostel L\u00fcneburg\" \/>\n<meta property=\"og:description\" content=\"Allgemeiner Hinweis und Pflichtinformationen Benennung der verantwortlichen Stelle Die verantwortliche Stelle f\u00fcr die Datenverarbeitung auf dieser Website ist: Salzquartier Karen Prehn Bahnhofstra\u00dfe 7 21337 L\u00fcneburg Die verantwortliche Stelle entscheidet allein oder gemeinsam mit anderen \u00fcber die Zwecke und Mittel der Verarbeitung von personenbezogenen Daten (z.B. Namen, Kontaktdaten o. \u00c4.). Widerruf Ihrer Einwilligung zur Datenverarbeitung Nur [&hellip;]\" \/>\n<meta property=\"og:url\" content=\"https:\/\/salzquartier.de\/en\/datenschutzerklaerung\/\" \/>\n<meta property=\"og:site_name\" content=\"Salzquartier - Hostel L\u00fcneburg\" \/>\n<meta property=\"article:publisher\" content=\"http:\/\/www.facebook.com\/SalzquartierLueneburg\" \/>\n<meta property=\"article:modified_time\" content=\"2018-05-28T14:41:57+00:00\" \/>\n<meta name=\"twitter:label1\" content=\"Est. reading time\" \/>\n\t<meta name=\"twitter:data1\" content=\"14 minutes\" \/>\n<script type=\"application\/ld+json\" class=\"yoast-schema-graph\">{\"@context\":\"https:\\\/\\\/schema.org\",\"@graph\":[{\"@type\":\"WebPage\",\"@id\":\"https:\\\/\\\/salzquartier.de\\\/en\\\/datenschutzerklaerung\\\/\",\"url\":\"https:\\\/\\\/salzquartier.de\\\/en\\\/datenschutzerklaerung\\\/\",\"name\":\"Datenschutzerkl\u00e4rung - Salzquartier - Hostel L\u00fcneburg\",\"isPartOf\":{\"@id\":\"https:\\\/\\\/salzquartier.de\\\/en\\\/#website\"},\"datePublished\":\"2018-05-22T15:10:21+00:00\",\"dateModified\":\"2018-05-28T14:41:57+00:00\",\"breadcrumb\":{\"@id\":\"https:\\\/\\\/salzquartier.de\\\/en\\\/datenschutzerklaerung\\\/#breadcrumb\"},\"inLanguage\":\"en-US\",\"potentialAction\":[{\"@type\":\"ReadAction\",\"target\":[[\"https:\\\/\\\/salzquartier.de\\\/en\\\/datenschutzerklaerung\\\/\"]]}]},{\"@type\":\"BreadcrumbList\",\"@id\":\"https:\\\/\\\/salzquartier.de\\\/en\\\/datenschutzerklaerung\\\/#breadcrumb\",\"itemListElement\":[{\"@type\":\"ListItem\",\"position\":1,\"name\":\"Startseite\",\"item\":\"https:\\\/\\\/salzquartier.de\\\/en\\\/\"},{\"@type\":\"ListItem\",\"position\":2,\"name\":\"Datenschutzerkl\u00e4rung\"}]},{\"@type\":\"WebSite\",\"@id\":\"https:\\\/\\\/salzquartier.de\\\/en\\\/#website\",\"url\":\"https:\\\/\\\/salzquartier.de\\\/en\\\/\",\"name\":\"Salzquartier - Hostel L\u00fcneburg\",\"description\":\"Das Hostel in L\u00fcneburg\",\"publisher\":{\"@id\":\"https:\\\/\\\/salzquartier.de\\\/en\\\/#organization\"},\"potentialAction\":[{\"@type\":\"SearchAction\",\"target\":{\"@type\":\"EntryPoint\",\"urlTemplate\":\"https:\\\/\\\/salzquartier.de\\\/en\\\/?s={search_term_string}\"},\"query-input\":{\"@type\":\"PropertyValueSpecification\",\"valueRequired\":true,\"valueName\":\"search_term_string\"}}],\"inLanguage\":\"en-US\"},{\"@type\":\"Organization\",\"@id\":\"https:\\\/\\\/salzquartier.de\\\/en\\\/#organization\",\"name\":\"Salzquartier - Hostel L\u00fcneburg\",\"url\":\"https:\\\/\\\/salzquartier.de\\\/en\\\/\",\"logo\":{\"@type\":\"ImageObject\",\"inLanguage\":\"en-US\",\"@id\":\"https:\\\/\\\/salzquartier.de\\\/en\\\/#\\\/schema\\\/logo\\\/image\\\/\",\"url\":\"https:\\\/\\\/salzquartier.de\\\/wp-content\\\/uploads\\\/logo-salzquartier-1024.png\",\"contentUrl\":\"https:\\\/\\\/salzquartier.de\\\/wp-content\\\/uploads\\\/logo-salzquartier-1024.png\",\"width\":1024,\"height\":560,\"caption\":\"Salzquartier - Hostel L\u00fcneburg\"},\"image\":{\"@id\":\"https:\\\/\\\/salzquartier.de\\\/en\\\/#\\\/schema\\\/logo\\\/image\\\/\"},\"sameAs\":[\"http:\\\/\\\/www.facebook.com\\\/SalzquartierLueneburg\"]}]}<\/script>\n<!-- \/ Yoast SEO plugin. -->","yoast_head_json":{"title":"Datenschutzerkl\u00e4rung - Salzquartier - Hostel L\u00fcneburg","robots":{"index":"index","follow":"follow","max-snippet":"max-snippet:-1","max-image-preview":"max-image-preview:large","max-video-preview":"max-video-preview:-1"},"canonical":"https:\/\/salzquartier.de\/en\/datenschutzerklaerung\/","og_locale":"en_US","og_type":"article","og_title":"Datenschutzerkl\u00e4rung - Salzquartier - Hostel L\u00fcneburg","og_description":"Allgemeiner Hinweis und Pflichtinformationen Benennung der verantwortlichen Stelle Die verantwortliche Stelle f\u00fcr die Datenverarbeitung auf dieser Website ist: Salzquartier Karen Prehn Bahnhofstra\u00dfe 7 21337 L\u00fcneburg Die verantwortliche Stelle entscheidet allein oder gemeinsam mit anderen \u00fcber die Zwecke und Mittel der Verarbeitung von personenbezogenen Daten (z.B. Namen, Kontaktdaten o. \u00c4.). Widerruf Ihrer Einwilligung zur Datenverarbeitung Nur [&hellip;]","og_url":"https:\/\/salzquartier.de\/en\/datenschutzerklaerung\/","og_site_name":"Salzquartier - Hostel L\u00fcneburg","article_publisher":"http:\/\/www.facebook.com\/SalzquartierLueneburg","article_modified_time":"2018-05-28T14:41:57+00:00","twitter_misc":{"Est. reading time":"14 minutes"},"schema":{"@context":"https:\/\/schema.org","@graph":[{"@type":"WebPage","@id":"https:\/\/salzquartier.de\/en\/datenschutzerklaerung\/","url":"https:\/\/salzquartier.de\/en\/datenschutzerklaerung\/","name":"Datenschutzerkl\u00e4rung - Salzquartier - Hostel L\u00fcneburg","isPartOf":{"@id":"https:\/\/salzquartier.de\/en\/#website"},"datePublished":"2018-05-22T15:10:21+00:00","dateModified":"2018-05-28T14:41:57+00:00","breadcrumb":{"@id":"https:\/\/salzquartier.de\/en\/datenschutzerklaerung\/#breadcrumb"},"inLanguage":"en-US","potentialAction":[{"@type":"ReadAction","target":[["https:\/\/salzquartier.de\/en\/datenschutzerklaerung\/"]]}]},{"@type":"BreadcrumbList","@id":"https:\/\/salzquartier.de\/en\/datenschutzerklaerung\/#breadcrumb","itemListElement":[{"@type":"ListItem","position":1,"name":"Startseite","item":"https:\/\/salzquartier.de\/en\/"},{"@type":"ListItem","position":2,"name":"Datenschutzerkl\u00e4rung"}]},{"@type":"WebSite","@id":"https:\/\/salzquartier.de\/en\/#website","url":"https:\/\/salzquartier.de\/en\/","name":"Salzquartier - Hostel L\u00fcneburg","description":"Das Hostel in L\u00fcneburg","publisher":{"@id":"https:\/\/salzquartier.de\/en\/#organization"},"potentialAction":[{"@type":"SearchAction","target":{"@type":"EntryPoint","urlTemplate":"https:\/\/salzquartier.de\/en\/?s={search_term_string}"},"query-input":{"@type":"PropertyValueSpecification","valueRequired":true,"valueName":"search_term_string"}}],"inLanguage":"en-US"},{"@type":"Organization","@id":"https:\/\/salzquartier.de\/en\/#organization","name":"Salzquartier - Hostel L\u00fcneburg","url":"https:\/\/salzquartier.de\/en\/","logo":{"@type":"ImageObject","inLanguage":"en-US","@id":"https:\/\/salzquartier.de\/en\/#\/schema\/logo\/image\/","url":"https:\/\/salzquartier.de\/wp-content\/uploads\/logo-salzquartier-1024.png","contentUrl":"https:\/\/salzquartier.de\/wp-content\/uploads\/logo-salzquartier-1024.png","width":1024,"height":560,"caption":"Salzquartier - Hostel L\u00fcneburg"},"image":{"@id":"https:\/\/salzquartier.de\/en\/#\/schema\/logo\/image\/"},"sameAs":["http:\/\/www.facebook.com\/SalzquartierLueneburg"]}]}},"_links":{"self":[{"href":"https:\/\/salzquartier.de\/en\/wp-json\/wp\/v2\/pages\/2064","targetHints":{"allow":["GET"]}}],"collection":[{"href":"https:\/\/salzquartier.de\/en\/wp-json\/wp\/v2\/pages"}],"about":[{"href":"https:\/\/salzquartier.de\/en\/wp-json\/wp\/v2\/types\/page"}],"author":[{"embeddable":true,"href":"https:\/\/salzquartier.de\/en\/wp-json\/wp\/v2\/users\/1"}],"replies":[{"embeddable":true,"href":"https:\/\/salzquartier.de\/en\/wp-json\/wp\/v2\/comments?post=2064"}],"version-history":[{"count":3,"href":"https:\/\/salzquartier.de\/en\/wp-json\/wp\/v2\/pages\/2064\/revisions"}],"predecessor-version":[{"id":2084,"href":"https:\/\/salzquartier.de\/en\/wp-json\/wp\/v2\/pages\/2064\/revisions\/2084"}],"wp:attachment":[{"href":"https:\/\/salzquartier.de\/en\/wp-json\/wp\/v2\/media?parent=2064"}],"curies":[{"name":"wp","href":"https:\/\/api.w.org\/{rel}","templated":true}]}}