{"id":25,"date":"2015-11-12T18:43:07","date_gmt":"2015-11-12T17:43:07","guid":{"rendered":"http:\/\/dev.salzquartier.de\/?page_id=25"},"modified":"2025-08-27T12:41:58","modified_gmt":"2025-08-27T10:41:58","slug":"impressum","status":"publish","type":"page","link":"https:\/\/salzquartier.de\/en\/impressum\/","title":{"rendered":"Legal Notice"},"content":{"rendered":"<p><\/p>\n<h3>Responsible for website contents<\/h3>\n<p>Karen Prehn<br \/>\nBahnhofstra\u00dfe 7, 21337 L\u00fcneburg<\/p>\n<p>Phone: 0 41 31 \/\u00a085 44 502<br \/>\nEmail: <a href=\"mailto:karen@salzquartier.de\">karen@salzquartier.de<\/a><\/p>\n<p>USt.-IdNr. DE302512457<br \/>\nSteuer-Nr. 33\/134\/16243<br \/>\nAmtsgericht L\u00fcneburg<\/p>\n<h5>logo, WEBSITE DESIGN and Development<\/h5>\n<p>irre media &#8211; Torben Dierks<br \/>\n<a href=\"https:\/\/irre.media\/\">https:\/\/irre.media\/<\/a><\/p>\n<h5>PhOTOS<\/h5>\n<p>Morten Strauch Fotografie<br \/>\n<a href=\"http:\/\/mortenstrauch.de\/\">mortenstrauch.de<\/a><\/p>\n<p>Sophie Wolter Photographie<\/p>\n<p><a href=\"https:\/\/www.instagram.com\/sophiewolter_fotografie\/\">https:\/\/www.instagram.com\/sophiewolter_fotografie\/<\/a><\/p>","protected":false},"excerpt":{"rendered":"<p>Responsible for website contents Karen Prehn Bahnhofstra\u00dfe 7, 21337 L\u00fcneburg Phone: 0 41 31 \/\u00a085 44 502 Email: karen@salzquartier.de USt.-IdNr. DE302512457 Steuer-Nr. 33\/134\/16243 Amtsgericht L\u00fcneburg logo, WEBSITE DESIGN and Development irre media &#8211; Torben Dierks https:\/\/irre.media\/ PhOTOS Morten Strauch Fotografie mortenstrauch.de Sophie Wolter Photographie https:\/\/www.instagram.com\/sophiewolter_fotografie\/<\/p>\n","protected":false},"author":1,"featured_media":0,"parent":0,"menu_order":0,"comment_status":"closed","ping_status":"closed","template":"","meta":{"_acf_changed":false,"footnotes":""},"class_list":["post-25","page","type-page","status-publish","hentry"],"acf":[],"yoast_head":"<!-- This site is optimized with the Yoast SEO plugin v27.3 - https:\/\/yoast.com\/product\/yoast-seo-wordpress\/ -->\n<title>Legal Notice - Salzquartier - Hostel L\u00fcneburg<\/title>\n<meta name=\"robots\" content=\"index, follow, max-snippet:-1, max-image-preview:large, max-video-preview:-1\" \/>\n<link rel=\"canonical\" href=\"https:\/\/salzquartier.de\/en\/impressum\/\" \/>\n<meta property=\"og:locale\" content=\"en_US\" \/>\n<meta property=\"og:type\" content=\"article\" \/>\n<meta property=\"og:title\" content=\"Legal Notice - Salzquartier - Hostel L\u00fcneburg\" \/>\n<meta property=\"og:description\" content=\"Responsible for website contents Karen Prehn Bahnhofstra\u00dfe 7, 21337 L\u00fcneburg Phone: 0 41 31 \/\u00a085 44 502 Email: karen@salzquartier.de USt.-IdNr. DE302512457 Steuer-Nr. 33\/134\/16243 Amtsgericht L\u00fcneburg logo, WEBSITE DESIGN and Development irre media &#8211; Torben Dierks https:\/\/irre.media\/ PhOTOS Morten Strauch Fotografie mortenstrauch.de Sophie Wolter Photographie https:\/\/www.instagram.com\/sophiewolter_fotografie\/\" \/>\n<meta property=\"og:url\" content=\"https:\/\/salzquartier.de\/en\/impressum\/\" \/>\n<meta property=\"og:site_name\" content=\"Salzquartier - Hostel L\u00fcneburg\" \/>\n<meta property=\"article:publisher\" content=\"http:\/\/www.facebook.com\/SalzquartierLueneburg\" \/>\n<meta property=\"article:modified_time\" content=\"2025-08-27T10:41:58+00:00\" \/>\n<meta name=\"twitter:label1\" content=\"Est. reading time\" \/>\n\t<meta name=\"twitter:data1\" content=\"1 minute\" \/>\n<script type=\"application\/ld+json\" class=\"yoast-schema-graph\">{\"@context\":\"https:\\\/\\\/schema.org\",\"@graph\":[{\"@type\":\"WebPage\",\"@id\":\"https:\\\/\\\/salzquartier.de\\\/en\\\/impressum\\\/\",\"url\":\"https:\\\/\\\/salzquartier.de\\\/en\\\/impressum\\\/\",\"name\":\"Legal Notice - Salzquartier - Hostel L\u00fcneburg\",\"isPartOf\":{\"@id\":\"https:\\\/\\\/salzquartier.de\\\/en\\\/#website\"},\"datePublished\":\"2015-11-12T17:43:07+00:00\",\"dateModified\":\"2025-08-27T10:41:58+00:00\",\"breadcrumb\":{\"@id\":\"https:\\\/\\\/salzquartier.de\\\/en\\\/impressum\\\/#breadcrumb\"},\"inLanguage\":\"en-US\",\"potentialAction\":[{\"@type\":\"ReadAction\",\"target\":[[\"https:\\\/\\\/salzquartier.de\\\/en\\\/impressum\\\/\"]]}]},{\"@type\":\"BreadcrumbList\",\"@id\":\"https:\\\/\\\/salzquartier.de\\\/en\\\/impressum\\\/#breadcrumb\",\"itemListElement\":[{\"@type\":\"ListItem\",\"position\":1,\"name\":\"Startseite\",\"item\":\"https:\\\/\\\/salzquartier.de\\\/en\\\/\"},{\"@type\":\"ListItem\",\"position\":2,\"name\":\"Impressum\"}]},{\"@type\":\"WebSite\",\"@id\":\"https:\\\/\\\/salzquartier.de\\\/en\\\/#website\",\"url\":\"https:\\\/\\\/salzquartier.de\\\/en\\\/\",\"name\":\"Salzquartier - Hostel L\u00fcneburg\",\"description\":\"Das Hostel in L\u00fcneburg\",\"publisher\":{\"@id\":\"https:\\\/\\\/salzquartier.de\\\/en\\\/#organization\"},\"potentialAction\":[{\"@type\":\"SearchAction\",\"target\":{\"@type\":\"EntryPoint\",\"urlTemplate\":\"https:\\\/\\\/salzquartier.de\\\/en\\\/?s={search_term_string}\"},\"query-input\":{\"@type\":\"PropertyValueSpecification\",\"valueRequired\":true,\"valueName\":\"search_term_string\"}}],\"inLanguage\":\"en-US\"},{\"@type\":\"Organization\",\"@id\":\"https:\\\/\\\/salzquartier.de\\\/en\\\/#organization\",\"name\":\"Salzquartier - Hostel L\u00fcneburg\",\"url\":\"https:\\\/\\\/salzquartier.de\\\/en\\\/\",\"logo\":{\"@type\":\"ImageObject\",\"inLanguage\":\"en-US\",\"@id\":\"https:\\\/\\\/salzquartier.de\\\/en\\\/#\\\/schema\\\/logo\\\/image\\\/\",\"url\":\"https:\\\/\\\/salzquartier.de\\\/wp-content\\\/uploads\\\/logo-salzquartier-1024.png\",\"contentUrl\":\"https:\\\/\\\/salzquartier.de\\\/wp-content\\\/uploads\\\/logo-salzquartier-1024.png\",\"width\":1024,\"height\":560,\"caption\":\"Salzquartier - Hostel L\u00fcneburg\"},\"image\":{\"@id\":\"https:\\\/\\\/salzquartier.de\\\/en\\\/#\\\/schema\\\/logo\\\/image\\\/\"},\"sameAs\":[\"http:\\\/\\\/www.facebook.com\\\/SalzquartierLueneburg\"]}]}<\/script>\n<!-- \/ Yoast SEO plugin. -->","yoast_head_json":{"title":"Legal Notice - Salzquartier - Hostel L\u00fcneburg","robots":{"index":"index","follow":"follow","max-snippet":"max-snippet:-1","max-image-preview":"max-image-preview:large","max-video-preview":"max-video-preview:-1"},"canonical":"https:\/\/salzquartier.de\/en\/impressum\/","og_locale":"en_US","og_type":"article","og_title":"Legal Notice - Salzquartier - Hostel L\u00fcneburg","og_description":"Responsible for website contents Karen Prehn Bahnhofstra\u00dfe 7, 21337 L\u00fcneburg Phone: 0 41 31 \/\u00a085 44 502 Email: karen@salzquartier.de USt.-IdNr. DE302512457 Steuer-Nr. 33\/134\/16243 Amtsgericht L\u00fcneburg logo, WEBSITE DESIGN and Development irre media &#8211; Torben Dierks https:\/\/irre.media\/ PhOTOS Morten Strauch Fotografie mortenstrauch.de Sophie Wolter Photographie https:\/\/www.instagram.com\/sophiewolter_fotografie\/","og_url":"https:\/\/salzquartier.de\/en\/impressum\/","og_site_name":"Salzquartier - Hostel L\u00fcneburg","article_publisher":"http:\/\/www.facebook.com\/SalzquartierLueneburg","article_modified_time":"2025-08-27T10:41:58+00:00","twitter_misc":{"Est. reading time":"1 minute"},"schema":{"@context":"https:\/\/schema.org","@graph":[{"@type":"WebPage","@id":"https:\/\/salzquartier.de\/en\/impressum\/","url":"https:\/\/salzquartier.de\/en\/impressum\/","name":"Legal Notice - Salzquartier - Hostel L\u00fcneburg","isPartOf":{"@id":"https:\/\/salzquartier.de\/en\/#website"},"datePublished":"2015-11-12T17:43:07+00:00","dateModified":"2025-08-27T10:41:58+00:00","breadcrumb":{"@id":"https:\/\/salzquartier.de\/en\/impressum\/#breadcrumb"},"inLanguage":"en-US","potentialAction":[{"@type":"ReadAction","target":[["https:\/\/salzquartier.de\/en\/impressum\/"]]}]},{"@type":"BreadcrumbList","@id":"https:\/\/salzquartier.de\/en\/impressum\/#breadcrumb","itemListElement":[{"@type":"ListItem","position":1,"name":"Startseite","item":"https:\/\/salzquartier.de\/en\/"},{"@type":"ListItem","position":2,"name":"Impressum"}]},{"@type":"WebSite","@id":"https:\/\/salzquartier.de\/en\/#website","url":"https:\/\/salzquartier.de\/en\/","name":"Salzquartier - Hostel L\u00fcneburg","description":"Das Hostel in L\u00fcneburg","publisher":{"@id":"https:\/\/salzquartier.de\/en\/#organization"},"potentialAction":[{"@type":"SearchAction","target":{"@type":"EntryPoint","urlTemplate":"https:\/\/salzquartier.de\/en\/?s={search_term_string}"},"query-input":{"@type":"PropertyValueSpecification","valueRequired":true,"valueName":"search_term_string"}}],"inLanguage":"en-US"},{"@type":"Organization","@id":"https:\/\/salzquartier.de\/en\/#organization","name":"Salzquartier - Hostel L\u00fcneburg","url":"https:\/\/salzquartier.de\/en\/","logo":{"@type":"ImageObject","inLanguage":"en-US","@id":"https:\/\/salzquartier.de\/en\/#\/schema\/logo\/image\/","url":"https:\/\/salzquartier.de\/wp-content\/uploads\/logo-salzquartier-1024.png","contentUrl":"https:\/\/salzquartier.de\/wp-content\/uploads\/logo-salzquartier-1024.png","width":1024,"height":560,"caption":"Salzquartier - Hostel L\u00fcneburg"},"image":{"@id":"https:\/\/salzquartier.de\/en\/#\/schema\/logo\/image\/"},"sameAs":["http:\/\/www.facebook.com\/SalzquartierLueneburg"]}]}},"_links":{"self":[{"href":"https:\/\/salzquartier.de\/en\/wp-json\/wp\/v2\/pages\/25","targetHints":{"allow":["GET"]}}],"collection":[{"href":"https:\/\/salzquartier.de\/en\/wp-json\/wp\/v2\/pages"}],"about":[{"href":"https:\/\/salzquartier.de\/en\/wp-json\/wp\/v2\/types\/page"}],"author":[{"embeddable":true,"href":"https:\/\/salzquartier.de\/en\/wp-json\/wp\/v2\/users\/1"}],"replies":[{"embeddable":true,"href":"https:\/\/salzquartier.de\/en\/wp-json\/wp\/v2\/comments?post=25"}],"version-history":[{"count":17,"href":"https:\/\/salzquartier.de\/en\/wp-json\/wp\/v2\/pages\/25\/revisions"}],"predecessor-version":[{"id":6157,"href":"https:\/\/salzquartier.de\/en\/wp-json\/wp\/v2\/pages\/25\/revisions\/6157"}],"wp:attachment":[{"href":"https:\/\/salzquartier.de\/en\/wp-json\/wp\/v2\/media?parent=25"}],"curies":[{"name":"wp","href":"https:\/\/api.w.org\/{rel}","templated":true}]}}